{"id":540,"date":"2017-01-11T00:04:09","date_gmt":"2017-01-11T00:04:09","guid":{"rendered":"http:\/\/shopkeeper.wp-theme.design\/?page_id=540"},"modified":"2023-02-09T02:31:56","modified_gmt":"2023-02-09T01:31:56","slug":"shop-kategorie-uebersicht","status":"publish","type":"page","link":"https:\/\/www.weingut-bottler.de\/shop\/","title":{"rendered":"Shop Kategorie \u00dcbersicht"},"content":{"rendered":"<div class=\"wpb-content-wrapper\"><p>[vc_row full_width=&#8220;stretch_row_content_no_spaces&#8220; css=&#8220;.vc_custom_1602493405421{background-position: 0 0 !important;background-repeat: repeat !important;}&#8220; el_class=&#8220;margintopshopkategorien&#8220;][vc_column][vc_column_text css=&#8220;.vc_custom_1603112573312{margin-bottom: 80px !important;}&#8220;]<\/p>\n<h2 style=\"text-align: center;\">UNSER QUALIT\u00c4TS-SORTIMENT<\/h2>\n<p>[\/vc_column_text][vc_row_inner css=&#8220;.vc_custom_1500297020443{margin-bottom: 180px !important;}&#8220;][vc_column_inner width=&#8220;1\/12&#8243;][\/vc_column_inner][vc_column_inner width=&#8220;5\/6&#8243;]<div class=\"row\"><div class=\"categories_grid\">\n\t\t\t<div class=\"category_1\">\n\t\t\t\t<div class=\"category_grid_box\">\n\t\t\t\t\t<span class=\"category_item_bkg\" style=\"background-image:url(https:\/\/www.weingut-bottler.de\/shop\/wp-content\/uploads\/2020\/10\/weingut_bottler_kategorie_trockene_weissweine.jpg)\"><\/span>\n\t\t\t\t\t<a href=\"https:\/\/www.weingut-bottler.de\/shop\/produkt-kategorie\/trockene-weine\/\" class=\"category_item\" >\n\t\t\t\t\t\t<span class=\"category_name\">TROCKENE WEINE\t\t\t\t\t\t\t\t\t\t\t\t\t<\/span>\n\t\t\t\t\t<\/a>\n\t\t\t\t<\/div>\n\t\t\t<\/div>\n\n\t\t\t\n\t\t\t<div class=\"category_2\">\n\t\t\t\t<div class=\"category_grid_box\">\n\t\t\t\t\t<span class=\"category_item_bkg\" style=\"background-image:url(https:\/\/www.weingut-bottler.de\/shop\/wp-content\/uploads\/2020\/11\/weingut_bottler_kategorie_feinherb.jpg)\"><\/span>\n\t\t\t\t\t<a href=\"https:\/\/www.weingut-bottler.de\/shop\/produkt-kategorie\/feinherbe-weine\/\" class=\"category_item\" >\n\t\t\t\t\t\t<span class=\"category_name\">FEINHERBE WEINE\t\t\t\t\t\t\t\t\t\t\t\t\t<\/span>\n\t\t\t\t\t<\/a>\n\t\t\t\t<\/div>\n\t\t\t<\/div>\n\n\t\t\t\n\t\t\t<div class=\"category_3\">\n\t\t\t\t<div class=\"category_grid_box\">\n\t\t\t\t\t<span class=\"category_item_bkg\" style=\"background-image:url(https:\/\/www.weingut-bottler.de\/shop\/wp-content\/uploads\/2020\/11\/weingut_bottler_kategorie_milde_weine.jpg)\"><\/span>\n\t\t\t\t\t<a href=\"https:\/\/www.weingut-bottler.de\/shop\/produkt-kategorie\/restsuesse-weine\/\" class=\"category_item\" >\n\t\t\t\t\t\t<span class=\"category_name\">RESTS\u00dc\u00dfE WEINE\t\t\t\t\t\t\t\t\t\t\t\t\t<\/span>\n\t\t\t\t\t<\/a>\n\t\t\t\t<\/div>\n\t\t\t<\/div>\n\n\t\t\t\n\t\t\t<div class=\"category_4\">\n\t\t\t\t<div class=\"category_grid_box\">\n\t\t\t\t\t<span class=\"category_item_bkg\" style=\"background-image:url(https:\/\/www.weingut-bottler.de\/shop\/wp-content\/uploads\/2020\/11\/weingut_bottler_kategorie_edlsuesse_auslesen_goldkapsel.jpg)\"><\/span>\n\t\t\t\t\t<a href=\"https:\/\/www.weingut-bottler.de\/shop\/produkt-kategorie\/edelsuesse-auslesen-goldkapsel\/\" class=\"category_item\" >\n\t\t\t\t\t\t<span class=\"category_name\">EDELS\u00dcSSE AUSLESEN GOLDKAPSEL\t\t\t\t\t\t\t\t\t\t\t\t\t<\/span>\n\t\t\t\t\t<\/a>\n\t\t\t\t<\/div>\n\t\t\t<\/div>\n\n\t\t\t\n\t\t\t<div class=\"category_5\">\n\t\t\t\t<div class=\"category_grid_box\">\n\t\t\t\t\t<span class=\"category_item_bkg\" style=\"background-image:url(https:\/\/www.weingut-bottler.de\/shop\/wp-content\/uploads\/2020\/10\/weingut_bottler_kategorie_gutsweine.jpg)\"><\/span>\n\t\t\t\t\t<a href=\"https:\/\/www.weingut-bottler.de\/shop\/produkt-kategorie\/gutsweine\/\" class=\"category_item\" >\n\t\t\t\t\t\t<span class=\"category_name\">GUTSWEINE\t\t\t\t\t\t\t\t\t\t\t\t\t<\/span>\n\t\t\t\t\t<\/a>\n\t\t\t\t<\/div>\n\t\t\t<\/div>\n\n\t\t\t\n\t\t\t<div class=\"category_6\">\n\t\t\t\t<div class=\"category_grid_box\">\n\t\t\t\t\t<span class=\"category_item_bkg\" style=\"background-image:url(https:\/\/www.weingut-bottler.de\/shop\/wp-content\/uploads\/2020\/12\/weingut_bottler_kategorie_magnumflasche.jpg)\"><\/span>\n\t\t\t\t\t<a href=\"https:\/\/www.weingut-bottler.de\/shop\/produkt-kategorie\/weine-in-der-magnumflasche\/\" class=\"category_item\" >\n\t\t\t\t\t\t<span class=\"category_name\">WEINE IN DER MAGNUMFLASCHE\t\t\t\t\t\t\t\t\t\t\t\t\t<\/span>\n\t\t\t\t\t<\/a>\n\t\t\t\t<\/div>\n\t\t\t<\/div>\n\n\t\t\t\n\t\t\t<div class=\"clearfix\"><\/div>\n\n\t\t<\/div><\/div><div class=\"row\"><div class=\"categories_grid\">\n\t\t\t<div class=\"category_1\">\n\t\t\t\t<div class=\"category_grid_box\">\n\t\t\t\t\t<span class=\"category_item_bkg\" style=\"background-image:url(https:\/\/www.weingut-bottler.de\/shop\/wp-content\/uploads\/2021\/05\/weingut_bottler_kategorie_genusspakete.jpg)\"><\/span>\n\t\t\t\t\t<a href=\"https:\/\/www.weingut-bottler.de\/shop\/produkt-kategorie\/genusspakete\/\" class=\"category_item\" >\n\t\t\t\t\t\t<span class=\"category_name\">GENUSSPAKETE\t\t\t\t\t\t\t\t\t\t\t\t\t<\/span>\n\t\t\t\t\t<\/a>\n\t\t\t\t<\/div>\n\t\t\t<\/div>\n\n\t\t\t\n\t\t\t<div class=\"category_2\">\n\t\t\t\t<div class=\"category_grid_box\">\n\t\t\t\t\t<span class=\"category_item_bkg\" style=\"background-image:url(https:\/\/www.weingut-bottler.de\/shop\/wp-content\/uploads\/2020\/12\/weingut_bottler_kategorie_spezialitaeten.jpg)\"><\/span>\n\t\t\t\t\t<a href=\"https:\/\/www.weingut-bottler.de\/shop\/produkt-kategorie\/spezialitaeten\/\" class=\"category_item\" >\n\t\t\t\t\t\t<span class=\"category_name\">SPEZIALIT\u00c4TEN\t\t\t\t\t\t\t\t\t\t\t\t\t<\/span>\n\t\t\t\t\t<\/a>\n\t\t\t\t<\/div>\n\t\t\t<\/div>\n\n\t\t\t\n\t\t\t<div class=\"category_3\">\n\t\t\t\t<div class=\"category_grid_box\">\n\t\t\t\t\t<span class=\"category_item_bkg\" style=\"background-image:url(https:\/\/www.weingut-bottler.de\/shop\/wp-content\/uploads\/2020\/11\/weingut_bottler_kategorie_rot_und_roseweine.jpg)\"><\/span>\n\t\t\t\t\t<a href=\"https:\/\/www.weingut-bottler.de\/shop\/produkt-kategorie\/rot-und-roseweine\/\" class=\"category_item\" >\n\t\t\t\t\t\t<span class=\"category_name\">ROT- UND ROS\u00c9WEINE\t\t\t\t\t\t\t\t\t\t\t\t\t<\/span>\n\t\t\t\t\t<\/a>\n\t\t\t\t<\/div>\n\t\t\t<\/div>\n\n\t\t\t\n\t\t\t<div class=\"category_4\">\n\t\t\t\t<div class=\"category_grid_box\">\n\t\t\t\t\t<span class=\"category_item_bkg\" style=\"background-image:url(https:\/\/www.weingut-bottler.de\/shop\/wp-content\/uploads\/2020\/11\/weingut_bottler_kategorie_sekte.jpg)\"><\/span>\n\t\t\t\t\t<a href=\"https:\/\/www.weingut-bottler.de\/shop\/produkt-kategorie\/sekte\/\" class=\"category_item\" >\n\t\t\t\t\t\t<span class=\"category_name\">SEKTE\t\t\t\t\t\t\t\t\t\t\t\t\t<\/span>\n\t\t\t\t\t<\/a>\n\t\t\t\t<\/div>\n\t\t\t<\/div>\n\n\t\t\t\n\t\t\t<div class=\"category_5\">\n\t\t\t\t<div class=\"category_grid_box\">\n\t\t\t\t\t<span class=\"category_item_bkg\" style=\"background-image:url(https:\/\/www.weingut-bottler.de\/shop\/wp-content\/uploads\/2020\/11\/weingut_bottler_kategorie_traubensaft.jpg)\"><\/span>\n\t\t\t\t\t<a href=\"https:\/\/www.weingut-bottler.de\/shop\/produkt-kategorie\/fuer-klein-und-gross\/\" class=\"category_item\" >\n\t\t\t\t\t\t<span class=\"category_name\">F\u00dcR KLEIN UND GROSS\t\t\t\t\t\t\t\t\t\t\t\t\t<\/span>\n\t\t\t\t\t<\/a>\n\t\t\t\t<\/div>\n\t\t\t<\/div>\n\n\t\t\t\n\t\t\t<div class=\"category_6\">\n\t\t\t\t<div class=\"category_grid_box\">\n\t\t\t\t\t<span class=\"category_item_bkg\" style=\"background-image:url(https:\/\/www.weingut-bottler.de\/shop\/wp-content\/uploads\/2020\/11\/weingut_bottler_kategorie_perlweine.jpg)\"><\/span>\n\t\t\t\t\t<a href=\"https:\/\/www.weingut-bottler.de\/shop\/produkt-kategorie\/moselperlwein\/\" class=\"category_item\" >\n\t\t\t\t\t\t<span class=\"category_name\">MOSELPERLWEIN\t\t\t\t\t\t\t\t\t\t\t\t\t<\/span>\n\t\t\t\t\t<\/a>\n\t\t\t\t<\/div>\n\t\t\t<\/div>\n\n\t\t\t\n\t\t\t<div class=\"category_more_than_6\">\n\t\t\t\t<div class=\"category_grid_box\">\n\t\t\t\t\t<span class=\"category_item_bkg\" style=\"background-image:url(https:\/\/www.weingut-bottler.de\/shop\/wp-content\/uploads\/2020\/11\/weingut_bottler_kategorie_braende_und_likoer.jpg)\"><\/span>\n\t\t\t\t\t<a href=\"https:\/\/www.weingut-bottler.de\/shop\/produkt-kategorie\/braende-und-likoer\/\" class=\"category_item\" >\n\t\t\t\t\t\t<span class=\"category_name\">BR\u00c4NDE UND LIK\u00d6R\t\t\t\t\t\t\t\t\t\t\t\t\t<\/span>\n\t\t\t\t\t<\/a>\n\t\t\t\t<\/div>\n\t\t\t<\/div>\n\n\t\t\t\n\t\t\t<div class=\"clearfix\"><\/div>\n\n\t\t<\/div><\/div>[vc_empty_space height=&#8220;75px&#8220;][\/vc_column_inner][vc_column_inner width=&#8220;1\/12&#8243;][\/vc_column_inner][\/vc_row_inner][\/vc_column][\/vc_row]<\/p>\n<\/div>","protected":false},"excerpt":{"rendered":"<p>[vc_row full_width=&#8220;stretch_row_content_no_spaces&#8220; css=&#8220;.vc_custom_1602493405421{background-position: 0 0 !important;background-repeat: repeat !important;}&#8220; el_class=&#8220;margintopshopkategorien&#8220;][vc_column][vc_column_text css=&#8220;.vc_custom_1603112573312{margin-bottom: 80px !important;}&#8220;] UNSER QUALIT\u00c4TS-SORTIMENT [\/vc_column_text][vc_row_inner css=&#8220;.vc_custom_1500297020443{margin-bottom: 180px !important;}&#8220;][vc_column_inner width=&#8220;1\/12&#8243;][\/vc_column_inner][vc_column_inner width=&#8220;5\/6&#8243;][vc_empty_space height=&#8220;75px&#8220;][\/vc_column_inner][vc_column_inner width=&#8220;1\/12&#8243;][\/vc_column_inner][\/vc_row_inner][\/vc_column][\/vc_row]<\/p>\n","protected":false},"author":3,"featured_media":0,"parent":0,"menu_order":0,"comment_status":"closed","ping_status":"closed","template":"page-full-width.php","meta":{"footnotes":""},"class_list":["post-540","page","type-page","status-publish","hentry"],"yoast_head":"<!-- This site is optimized with the Yoast SEO plugin v26.7 - https:\/\/yoast.com\/wordpress\/plugins\/seo\/ -->\n<title>Weinshop - Weingut &amp; G\u00e4stehaus Bottler in M\u00fclheim<\/title>\n<meta name=\"description\" content=\"Finden Sie in unserem Weinshop tolle Angebote zu unseren Premium-Weinen: Weissweine, Rotweine, Ros\u00e9, Exklusive Weine, Sekte, Edelbr\u00e4nde und Lik\u00f6re u.v.m.\" \/>\n<meta name=\"robots\" content=\"index, follow, max-snippet:-1, max-image-preview:large, max-video-preview:-1\" \/>\n<link rel=\"canonical\" href=\"https:\/\/www.weingut-bottler.de\/shop\/\" \/>\n<meta property=\"og:locale\" content=\"de_DE\" \/>\n<meta property=\"og:type\" content=\"article\" \/>\n<meta property=\"og:title\" content=\"Weinshop - Weingut &amp; G\u00e4stehaus Bottler in M\u00fclheim\" \/>\n<meta property=\"og:description\" content=\"Finden Sie in unserem Weinshop tolle Angebote zu unseren Premium-Weinen: Weissweine, Rotweine, Ros\u00e9, Exklusive Weine, Sekte, Edelbr\u00e4nde und Lik\u00f6re u.v.m.\" \/>\n<meta property=\"og:url\" content=\"https:\/\/www.weingut-bottler.de\/shop\/\" \/>\n<meta property=\"og:site_name\" content=\"Weingut &amp; G\u00e4stehaus Bottler in M\u00fclheim\" \/>\n<meta property=\"article:modified_time\" content=\"2023-02-09T01:31:56+00:00\" \/>\n<meta name=\"twitter:card\" content=\"summary_large_image\" \/>\n<meta name=\"twitter:label1\" content=\"Gesch\u00e4tzte Lesezeit\" \/>\n\t<meta name=\"twitter:data1\" content=\"1\u00a0Minute\" \/>\n<script type=\"application\/ld+json\" class=\"yoast-schema-graph\">{\"@context\":\"https:\/\/schema.org\",\"@graph\":[{\"@type\":\"WebPage\",\"@id\":\"https:\/\/www.weingut-bottler.de\/shop\/\",\"url\":\"https:\/\/www.weingut-bottler.de\/shop\/\",\"name\":\"Weinshop - Weingut & G\u00e4stehaus Bottler in M\u00fclheim\",\"isPartOf\":{\"@id\":\"https:\/\/www.weingut-bottler.de\/shop\/#website\"},\"datePublished\":\"2017-01-11T00:04:09+00:00\",\"dateModified\":\"2023-02-09T01:31:56+00:00\",\"description\":\"Finden Sie in unserem Weinshop tolle Angebote zu unseren Premium-Weinen: Weissweine, Rotweine, Ros\u00e9, Exklusive Weine, Sekte, Edelbr\u00e4nde und Lik\u00f6re u.v.m.\",\"breadcrumb\":{\"@id\":\"https:\/\/www.weingut-bottler.de\/shop\/#breadcrumb\"},\"inLanguage\":\"de\",\"potentialAction\":[{\"@type\":\"ReadAction\",\"target\":[\"https:\/\/www.weingut-bottler.de\/shop\/\"]}]},{\"@type\":\"BreadcrumbList\",\"@id\":\"https:\/\/www.weingut-bottler.de\/shop\/#breadcrumb\",\"itemListElement\":[{\"@type\":\"ListItem\",\"position\":1,\"name\":\"Startseite\",\"item\":\"https:\/\/www.weingut-bottler.de\/shop\/\"},{\"@type\":\"ListItem\",\"position\":2,\"name\":\"Shop Kategorie \u00dcbersicht\"}]},{\"@type\":\"WebSite\",\"@id\":\"https:\/\/www.weingut-bottler.de\/shop\/#website\",\"url\":\"https:\/\/www.weingut-bottler.de\/shop\/\",\"name\":\"Weingut &amp; G\u00e4stehaus Bottler in M\u00fclheim\",\"description\":\"...hier geht\u00b4s mir gut\",\"potentialAction\":[{\"@type\":\"SearchAction\",\"target\":{\"@type\":\"EntryPoint\",\"urlTemplate\":\"https:\/\/www.weingut-bottler.de\/shop\/?s={search_term_string}\"},\"query-input\":{\"@type\":\"PropertyValueSpecification\",\"valueRequired\":true,\"valueName\":\"search_term_string\"}}],\"inLanguage\":\"de\"}]}<\/script>\n<!-- \/ Yoast SEO plugin. -->","yoast_head_json":{"title":"Weinshop - Weingut & G\u00e4stehaus Bottler in M\u00fclheim","description":"Finden Sie in unserem Weinshop tolle Angebote zu unseren Premium-Weinen: Weissweine, Rotweine, Ros\u00e9, Exklusive Weine, Sekte, Edelbr\u00e4nde und Lik\u00f6re u.v.m.","robots":{"index":"index","follow":"follow","max-snippet":"max-snippet:-1","max-image-preview":"max-image-preview:large","max-video-preview":"max-video-preview:-1"},"canonical":"https:\/\/www.weingut-bottler.de\/shop\/","og_locale":"de_DE","og_type":"article","og_title":"Weinshop - Weingut & G\u00e4stehaus Bottler in M\u00fclheim","og_description":"Finden Sie in unserem Weinshop tolle Angebote zu unseren Premium-Weinen: Weissweine, Rotweine, Ros\u00e9, Exklusive Weine, Sekte, Edelbr\u00e4nde und Lik\u00f6re u.v.m.","og_url":"https:\/\/www.weingut-bottler.de\/shop\/","og_site_name":"Weingut &amp; G\u00e4stehaus Bottler in M\u00fclheim","article_modified_time":"2023-02-09T01:31:56+00:00","twitter_card":"summary_large_image","twitter_misc":{"Gesch\u00e4tzte Lesezeit":"1\u00a0Minute"},"schema":{"@context":"https:\/\/schema.org","@graph":[{"@type":"WebPage","@id":"https:\/\/www.weingut-bottler.de\/shop\/","url":"https:\/\/www.weingut-bottler.de\/shop\/","name":"Weinshop - Weingut & G\u00e4stehaus Bottler in M\u00fclheim","isPartOf":{"@id":"https:\/\/www.weingut-bottler.de\/shop\/#website"},"datePublished":"2017-01-11T00:04:09+00:00","dateModified":"2023-02-09T01:31:56+00:00","description":"Finden Sie in unserem Weinshop tolle Angebote zu unseren Premium-Weinen: Weissweine, Rotweine, Ros\u00e9, Exklusive Weine, Sekte, Edelbr\u00e4nde und Lik\u00f6re u.v.m.","breadcrumb":{"@id":"https:\/\/www.weingut-bottler.de\/shop\/#breadcrumb"},"inLanguage":"de","potentialAction":[{"@type":"ReadAction","target":["https:\/\/www.weingut-bottler.de\/shop\/"]}]},{"@type":"BreadcrumbList","@id":"https:\/\/www.weingut-bottler.de\/shop\/#breadcrumb","itemListElement":[{"@type":"ListItem","position":1,"name":"Startseite","item":"https:\/\/www.weingut-bottler.de\/shop\/"},{"@type":"ListItem","position":2,"name":"Shop Kategorie \u00dcbersicht"}]},{"@type":"WebSite","@id":"https:\/\/www.weingut-bottler.de\/shop\/#website","url":"https:\/\/www.weingut-bottler.de\/shop\/","name":"Weingut &amp; G\u00e4stehaus Bottler in M\u00fclheim","description":"...hier geht\u00b4s mir gut","potentialAction":[{"@type":"SearchAction","target":{"@type":"EntryPoint","urlTemplate":"https:\/\/www.weingut-bottler.de\/shop\/?s={search_term_string}"},"query-input":{"@type":"PropertyValueSpecification","valueRequired":true,"valueName":"search_term_string"}}],"inLanguage":"de"}]}},"_links":{"self":[{"href":"https:\/\/www.weingut-bottler.de\/shop\/wp-json\/wp\/v2\/pages\/540","targetHints":{"allow":["GET"]}}],"collection":[{"href":"https:\/\/www.weingut-bottler.de\/shop\/wp-json\/wp\/v2\/pages"}],"about":[{"href":"https:\/\/www.weingut-bottler.de\/shop\/wp-json\/wp\/v2\/types\/page"}],"author":[{"embeddable":true,"href":"https:\/\/www.weingut-bottler.de\/shop\/wp-json\/wp\/v2\/users\/3"}],"replies":[{"embeddable":true,"href":"https:\/\/www.weingut-bottler.de\/shop\/wp-json\/wp\/v2\/comments?post=540"}],"version-history":[{"count":52,"href":"https:\/\/www.weingut-bottler.de\/shop\/wp-json\/wp\/v2\/pages\/540\/revisions"}],"predecessor-version":[{"id":4798,"href":"https:\/\/www.weingut-bottler.de\/shop\/wp-json\/wp\/v2\/pages\/540\/revisions\/4798"}],"wp:attachment":[{"href":"https:\/\/www.weingut-bottler.de\/shop\/wp-json\/wp\/v2\/media?parent=540"}],"curies":[{"name":"wp","href":"https:\/\/api.w.org\/{rel}","templated":true}]}}