{"id":4356,"date":"2020-10-15T19:08:10","date_gmt":"2020-10-15T17:08:10","guid":{"rendered":"https:\/\/www.weingut-bottler.de\/shop\/?post_type=product&#038;p=4356"},"modified":"2023-02-09T03:09:15","modified_gmt":"2023-02-09T02:09:15","slug":"2010er-riesling-beerenauslese","status":"publish","type":"product","link":"https:\/\/www.weingut-bottler.de\/shop\/produkt\/2010er-riesling-beerenauslese\/","title":{"rendered":"2010er Riesling Beerenauslese"},"content":{"rendered":"","protected":false},"excerpt":{"rendered":"<p>Wei\u00dfwein<\/p>\n<p>Weinlage M\u00fclheimer Sonnenlay<\/p>\n<p>Inhalt: 0,375 Liter Flasche<\/p>\n<p>Alc. 9,5 % Vol.<\/p>\n<p>Allergenhinweis: enth\u00e4lt Sulfite<\/p>\n<p>Pr\u00e4mierungen: Goldene Kammerpreism\u00fcnze<\/p>\n","protected":false},"featured_media":4525,"comment_status":"closed","ping_status":"closed","template":"","meta":[],"product_brand":[],"product_cat":[123],"product_tag":[],"class_list":{"0":"post-4356","1":"product","2":"type-product","3":"status-publish","4":"has-post-thumbnail","6":"product_cat-spezialitaeten","8":"first","9":"instock","10":"taxable","11":"shipping-taxable","12":"purchasable","13":"product-type-simple"},"yoast_head":"<!-- This site is optimized with the Yoast SEO plugin v26.7 - https:\/\/yoast.com\/wordpress\/plugins\/seo\/ -->\n<title>2010er Riesling Beerenauslese - Weingut &amp; G\u00e4stehaus Bottler in M\u00fclheim<\/title>\n<meta name=\"robots\" content=\"index, follow, max-snippet:-1, max-image-preview:large, max-video-preview:-1\" \/>\n<link rel=\"canonical\" href=\"https:\/\/www.weingut-bottler.de\/shop\/produkt\/2010er-riesling-beerenauslese\/\" \/>\n<meta property=\"og:locale\" content=\"de_DE\" \/>\n<meta property=\"og:type\" content=\"article\" \/>\n<meta property=\"og:title\" content=\"2010er Riesling Beerenauslese - Weingut &amp; G\u00e4stehaus Bottler in M\u00fclheim\" \/>\n<meta property=\"og:description\" content=\"Wei\u00dfwein  Weinlage M\u00fclheimer Sonnenlay  Inhalt: 0,375 Liter Flasche  Alc. 9,5 % Vol.  Allergenhinweis: enth\u00e4lt Sulfite  Pr\u00e4mierungen: Goldene Kammerpreism\u00fcnze\" \/>\n<meta property=\"og:url\" content=\"https:\/\/www.weingut-bottler.de\/shop\/produkt\/2010er-riesling-beerenauslese\/\" \/>\n<meta property=\"og:site_name\" content=\"Weingut &amp; G\u00e4stehaus Bottler in M\u00fclheim\" \/>\n<meta property=\"article:modified_time\" content=\"2023-02-09T02:09:15+00:00\" \/>\n<meta property=\"og:image\" content=\"https:\/\/www.weingut-bottler.de\/shop\/wp-content\/uploads\/2020\/10\/weingut_bottler_riesling_beerenauslese_gold.jpg\" \/>\n\t<meta property=\"og:image:width\" content=\"827\" \/>\n\t<meta property=\"og:image:height\" content=\"1024\" \/>\n\t<meta property=\"og:image:type\" content=\"image\/jpeg\" \/>\n<meta name=\"twitter:card\" content=\"summary_large_image\" \/>\n<script type=\"application\/ld+json\" class=\"yoast-schema-graph\">{\"@context\":\"https:\/\/schema.org\",\"@graph\":[{\"@type\":\"WebPage\",\"@id\":\"https:\/\/www.weingut-bottler.de\/shop\/produkt\/2010er-riesling-beerenauslese\/\",\"url\":\"https:\/\/www.weingut-bottler.de\/shop\/produkt\/2010er-riesling-beerenauslese\/\",\"name\":\"2010er Riesling Beerenauslese - Weingut &amp; G\u00e4stehaus Bottler in M\u00fclheim\",\"isPartOf\":{\"@id\":\"https:\/\/www.weingut-bottler.de\/shop\/#website\"},\"primaryImageOfPage\":{\"@id\":\"https:\/\/www.weingut-bottler.de\/shop\/produkt\/2010er-riesling-beerenauslese\/#primaryimage\"},\"image\":{\"@id\":\"https:\/\/www.weingut-bottler.de\/shop\/produkt\/2010er-riesling-beerenauslese\/#primaryimage\"},\"thumbnailUrl\":\"https:\/\/www.weingut-bottler.de\/shop\/wp-content\/uploads\/2020\/10\/weingut_bottler_riesling_beerenauslese_gold.jpg\",\"datePublished\":\"2020-10-15T17:08:10+00:00\",\"dateModified\":\"2023-02-09T02:09:15+00:00\",\"breadcrumb\":{\"@id\":\"https:\/\/www.weingut-bottler.de\/shop\/produkt\/2010er-riesling-beerenauslese\/#breadcrumb\"},\"inLanguage\":\"de\",\"potentialAction\":[{\"@type\":\"ReadAction\",\"target\":[\"https:\/\/www.weingut-bottler.de\/shop\/produkt\/2010er-riesling-beerenauslese\/\"]}]},{\"@type\":\"ImageObject\",\"inLanguage\":\"de\",\"@id\":\"https:\/\/www.weingut-bottler.de\/shop\/produkt\/2010er-riesling-beerenauslese\/#primaryimage\",\"url\":\"https:\/\/www.weingut-bottler.de\/shop\/wp-content\/uploads\/2020\/10\/weingut_bottler_riesling_beerenauslese_gold.jpg\",\"contentUrl\":\"https:\/\/www.weingut-bottler.de\/shop\/wp-content\/uploads\/2020\/10\/weingut_bottler_riesling_beerenauslese_gold.jpg\",\"width\":827,\"height\":1024},{\"@type\":\"BreadcrumbList\",\"@id\":\"https:\/\/www.weingut-bottler.de\/shop\/produkt\/2010er-riesling-beerenauslese\/#breadcrumb\",\"itemListElement\":[{\"@type\":\"ListItem\",\"position\":1,\"name\":\"Startseite\",\"item\":\"https:\/\/www.weingut-bottler.de\/shop\/\"},{\"@type\":\"ListItem\",\"position\":2,\"name\":\"Alle Produkte\",\"item\":\"https:\/\/www.weingut-bottler.de\/shop\/alleprodukte\/\"},{\"@type\":\"ListItem\",\"position\":3,\"name\":\"2010er Riesling Beerenauslese\"}]},{\"@type\":\"WebSite\",\"@id\":\"https:\/\/www.weingut-bottler.de\/shop\/#website\",\"url\":\"https:\/\/www.weingut-bottler.de\/shop\/\",\"name\":\"Weingut &amp; G\u00e4stehaus Bottler in M\u00fclheim\",\"description\":\"...hier geht\u00b4s mir gut\",\"potentialAction\":[{\"@type\":\"SearchAction\",\"target\":{\"@type\":\"EntryPoint\",\"urlTemplate\":\"https:\/\/www.weingut-bottler.de\/shop\/?s={search_term_string}\"},\"query-input\":{\"@type\":\"PropertyValueSpecification\",\"valueRequired\":true,\"valueName\":\"search_term_string\"}}],\"inLanguage\":\"de\"}]}<\/script>\n<!-- \/ Yoast SEO plugin. -->","yoast_head_json":{"title":"2010er Riesling Beerenauslese - Weingut &amp; G\u00e4stehaus Bottler in M\u00fclheim","robots":{"index":"index","follow":"follow","max-snippet":"max-snippet:-1","max-image-preview":"max-image-preview:large","max-video-preview":"max-video-preview:-1"},"canonical":"https:\/\/www.weingut-bottler.de\/shop\/produkt\/2010er-riesling-beerenauslese\/","og_locale":"de_DE","og_type":"article","og_title":"2010er Riesling Beerenauslese - Weingut &amp; G\u00e4stehaus Bottler in M\u00fclheim","og_description":"Wei\u00dfwein  Weinlage M\u00fclheimer Sonnenlay  Inhalt: 0,375 Liter Flasche  Alc. 9,5 % Vol.  Allergenhinweis: enth\u00e4lt Sulfite  Pr\u00e4mierungen: Goldene Kammerpreism\u00fcnze","og_url":"https:\/\/www.weingut-bottler.de\/shop\/produkt\/2010er-riesling-beerenauslese\/","og_site_name":"Weingut &amp; G\u00e4stehaus Bottler in M\u00fclheim","article_modified_time":"2023-02-09T02:09:15+00:00","og_image":[{"width":827,"height":1024,"url":"https:\/\/www.weingut-bottler.de\/shop\/wp-content\/uploads\/2020\/10\/weingut_bottler_riesling_beerenauslese_gold.jpg","type":"image\/jpeg"}],"twitter_card":"summary_large_image","schema":{"@context":"https:\/\/schema.org","@graph":[{"@type":"WebPage","@id":"https:\/\/www.weingut-bottler.de\/shop\/produkt\/2010er-riesling-beerenauslese\/","url":"https:\/\/www.weingut-bottler.de\/shop\/produkt\/2010er-riesling-beerenauslese\/","name":"2010er Riesling Beerenauslese - Weingut &amp; G\u00e4stehaus Bottler in M\u00fclheim","isPartOf":{"@id":"https:\/\/www.weingut-bottler.de\/shop\/#website"},"primaryImageOfPage":{"@id":"https:\/\/www.weingut-bottler.de\/shop\/produkt\/2010er-riesling-beerenauslese\/#primaryimage"},"image":{"@id":"https:\/\/www.weingut-bottler.de\/shop\/produkt\/2010er-riesling-beerenauslese\/#primaryimage"},"thumbnailUrl":"https:\/\/www.weingut-bottler.de\/shop\/wp-content\/uploads\/2020\/10\/weingut_bottler_riesling_beerenauslese_gold.jpg","datePublished":"2020-10-15T17:08:10+00:00","dateModified":"2023-02-09T02:09:15+00:00","breadcrumb":{"@id":"https:\/\/www.weingut-bottler.de\/shop\/produkt\/2010er-riesling-beerenauslese\/#breadcrumb"},"inLanguage":"de","potentialAction":[{"@type":"ReadAction","target":["https:\/\/www.weingut-bottler.de\/shop\/produkt\/2010er-riesling-beerenauslese\/"]}]},{"@type":"ImageObject","inLanguage":"de","@id":"https:\/\/www.weingut-bottler.de\/shop\/produkt\/2010er-riesling-beerenauslese\/#primaryimage","url":"https:\/\/www.weingut-bottler.de\/shop\/wp-content\/uploads\/2020\/10\/weingut_bottler_riesling_beerenauslese_gold.jpg","contentUrl":"https:\/\/www.weingut-bottler.de\/shop\/wp-content\/uploads\/2020\/10\/weingut_bottler_riesling_beerenauslese_gold.jpg","width":827,"height":1024},{"@type":"BreadcrumbList","@id":"https:\/\/www.weingut-bottler.de\/shop\/produkt\/2010er-riesling-beerenauslese\/#breadcrumb","itemListElement":[{"@type":"ListItem","position":1,"name":"Startseite","item":"https:\/\/www.weingut-bottler.de\/shop\/"},{"@type":"ListItem","position":2,"name":"Alle Produkte","item":"https:\/\/www.weingut-bottler.de\/shop\/alleprodukte\/"},{"@type":"ListItem","position":3,"name":"2010er Riesling Beerenauslese"}]},{"@type":"WebSite","@id":"https:\/\/www.weingut-bottler.de\/shop\/#website","url":"https:\/\/www.weingut-bottler.de\/shop\/","name":"Weingut &amp; G\u00e4stehaus Bottler in M\u00fclheim","description":"...hier geht\u00b4s mir gut","potentialAction":[{"@type":"SearchAction","target":{"@type":"EntryPoint","urlTemplate":"https:\/\/www.weingut-bottler.de\/shop\/?s={search_term_string}"},"query-input":{"@type":"PropertyValueSpecification","valueRequired":true,"valueName":"search_term_string"}}],"inLanguage":"de"}]}},"_links":{"self":[{"href":"https:\/\/www.weingut-bottler.de\/shop\/wp-json\/wp\/v2\/product\/4356","targetHints":{"allow":["GET"]}}],"collection":[{"href":"https:\/\/www.weingut-bottler.de\/shop\/wp-json\/wp\/v2\/product"}],"about":[{"href":"https:\/\/www.weingut-bottler.de\/shop\/wp-json\/wp\/v2\/types\/product"}],"replies":[{"embeddable":true,"href":"https:\/\/www.weingut-bottler.de\/shop\/wp-json\/wp\/v2\/comments?post=4356"}],"wp:featuredmedia":[{"embeddable":true,"href":"https:\/\/www.weingut-bottler.de\/shop\/wp-json\/wp\/v2\/media\/4525"}],"wp:attachment":[{"href":"https:\/\/www.weingut-bottler.de\/shop\/wp-json\/wp\/v2\/media?parent=4356"}],"wp:term":[{"taxonomy":"product_brand","embeddable":true,"href":"https:\/\/www.weingut-bottler.de\/shop\/wp-json\/wp\/v2\/product_brand?post=4356"},{"taxonomy":"product_cat","embeddable":true,"href":"https:\/\/www.weingut-bottler.de\/shop\/wp-json\/wp\/v2\/product_cat?post=4356"},{"taxonomy":"product_tag","embeddable":true,"href":"https:\/\/www.weingut-bottler.de\/shop\/wp-json\/wp\/v2\/product_tag?post=4356"}],"curies":[{"name":"wp","href":"https:\/\/api.w.org\/{rel}","templated":true}]}}