{"id":4784,"date":"2021-05-14T18:05:25","date_gmt":"2021-05-14T16:05:25","guid":{"rendered":"https:\/\/www.weingut-bottler.de\/shop\/?post_type=product&#038;p=4784"},"modified":"2026-01-15T06:56:05","modified_gmt":"2026-01-15T05:56:05","slug":"6er-genusspaket","status":"publish","type":"product","link":"https:\/\/www.weingut-bottler.de\/shop\/produkt\/6er-genusspaket\/","title":{"rendered":"6er Genusspaket"},"content":{"rendered":"","protected":false},"excerpt":{"rendered":"<p>Dieses Genusspaket enth\u00e4lt folgende 6 Produkte:<\/p>\n<p>2021er Blauschiefer Riesling Kabinett trocken<br \/>\n2021er BLANC DE NOIR Sp\u00e4tburgunder trocken<br \/>\n2021er HELD Riesling Kabinett feinherb<br \/>\n2020er JOHANNESBERG Riesling Sp\u00e4tlese<br \/>\n2020er Guts-Riesling trocken<br \/>\n2021er VOM FELS Riesling Sp\u00e4tlese trocken M\u00fclheimer Sonnenlay<\/p>\n<p>Die genauen Beschreibungen findest Du bei den einzelnen Weinen.<\/p>\n<p><b>Kostenloser Versand<\/b><\/p>\n","protected":false},"featured_media":4785,"comment_status":"closed","ping_status":"closed","template":"","meta":[],"product_brand":[],"product_cat":[130],"product_tag":[131],"class_list":{"0":"post-4784","1":"product","2":"type-product","3":"status-publish","4":"has-post-thumbnail","6":"product_cat-genusspakete","7":"product_tag-genusspaket","9":"first","10":"outofstock","11":"taxable","12":"shipping-taxable","13":"purchasable","14":"product-type-simple"},"yoast_head":"<!-- This site is optimized with the Yoast SEO plugin v26.7 - https:\/\/yoast.com\/wordpress\/plugins\/seo\/ -->\n<title>6er Genusspaket - Weingut &amp; G\u00e4stehaus Bottler in M\u00fclheim<\/title>\n<meta name=\"robots\" content=\"index, follow, max-snippet:-1, max-image-preview:large, max-video-preview:-1\" \/>\n<link rel=\"canonical\" href=\"https:\/\/www.weingut-bottler.de\/shop\/produkt\/6er-genusspaket\/\" \/>\n<meta property=\"og:locale\" content=\"de_DE\" \/>\n<meta property=\"og:type\" content=\"article\" \/>\n<meta property=\"og:title\" content=\"6er Genusspaket - Weingut &amp; G\u00e4stehaus Bottler in M\u00fclheim\" \/>\n<meta property=\"og:description\" content=\"Dieses Genusspaket enth\u00e4lt folgende 6 Produkte:  2021er Blauschiefer Riesling Kabinett trocken 2021er BLANC DE NOIR Sp\u00e4tburgunder trocken 2021er HELD Riesling Kabinett feinherb 2020er JOHANNESBERG Riesling Sp\u00e4tlese 2020er Guts-Riesling trocken 2021er VOM FELS Riesling Sp\u00e4tlese trocken M\u00fclheimer Sonnenlay  Die genauen Beschreibungen findest Du bei den einzelnen Weinen.  Kostenloser Versand\" \/>\n<meta property=\"og:url\" content=\"https:\/\/www.weingut-bottler.de\/shop\/produkt\/6er-genusspaket\/\" \/>\n<meta property=\"og:site_name\" content=\"Weingut &amp; G\u00e4stehaus Bottler in M\u00fclheim\" \/>\n<meta property=\"article:modified_time\" content=\"2026-01-15T05:56:05+00:00\" \/>\n<meta property=\"og:image\" content=\"https:\/\/www.weingut-bottler.de\/shop\/wp-content\/uploads\/2021\/05\/weingut_bottler_genusspaket_6er.jpg\" \/>\n\t<meta property=\"og:image:width\" content=\"827\" \/>\n\t<meta property=\"og:image:height\" content=\"1024\" \/>\n\t<meta property=\"og:image:type\" content=\"image\/jpeg\" \/>\n<meta name=\"twitter:card\" content=\"summary_large_image\" \/>\n<meta name=\"twitter:label1\" content=\"Gesch\u00e4tzte Lesezeit\" \/>\n\t<meta name=\"twitter:data1\" content=\"1\u00a0Minute\" \/>\n<script type=\"application\/ld+json\" class=\"yoast-schema-graph\">{\"@context\":\"https:\/\/schema.org\",\"@graph\":[{\"@type\":\"WebPage\",\"@id\":\"https:\/\/www.weingut-bottler.de\/shop\/produkt\/6er-genusspaket\/\",\"url\":\"https:\/\/www.weingut-bottler.de\/shop\/produkt\/6er-genusspaket\/\",\"name\":\"6er Genusspaket - Weingut &amp; G\u00e4stehaus Bottler in M\u00fclheim\",\"isPartOf\":{\"@id\":\"https:\/\/www.weingut-bottler.de\/shop\/#website\"},\"primaryImageOfPage\":{\"@id\":\"https:\/\/www.weingut-bottler.de\/shop\/produkt\/6er-genusspaket\/#primaryimage\"},\"image\":{\"@id\":\"https:\/\/www.weingut-bottler.de\/shop\/produkt\/6er-genusspaket\/#primaryimage\"},\"thumbnailUrl\":\"https:\/\/www.weingut-bottler.de\/shop\/wp-content\/uploads\/2021\/05\/weingut_bottler_genusspaket_6er.jpg\",\"datePublished\":\"2021-05-14T16:05:25+00:00\",\"dateModified\":\"2026-01-15T05:56:05+00:00\",\"breadcrumb\":{\"@id\":\"https:\/\/www.weingut-bottler.de\/shop\/produkt\/6er-genusspaket\/#breadcrumb\"},\"inLanguage\":\"de\",\"potentialAction\":[{\"@type\":\"ReadAction\",\"target\":[\"https:\/\/www.weingut-bottler.de\/shop\/produkt\/6er-genusspaket\/\"]}]},{\"@type\":\"ImageObject\",\"inLanguage\":\"de\",\"@id\":\"https:\/\/www.weingut-bottler.de\/shop\/produkt\/6er-genusspaket\/#primaryimage\",\"url\":\"https:\/\/www.weingut-bottler.de\/shop\/wp-content\/uploads\/2021\/05\/weingut_bottler_genusspaket_6er.jpg\",\"contentUrl\":\"https:\/\/www.weingut-bottler.de\/shop\/wp-content\/uploads\/2021\/05\/weingut_bottler_genusspaket_6er.jpg\",\"width\":827,\"height\":1024},{\"@type\":\"BreadcrumbList\",\"@id\":\"https:\/\/www.weingut-bottler.de\/shop\/produkt\/6er-genusspaket\/#breadcrumb\",\"itemListElement\":[{\"@type\":\"ListItem\",\"position\":1,\"name\":\"Startseite\",\"item\":\"https:\/\/www.weingut-bottler.de\/shop\/\"},{\"@type\":\"ListItem\",\"position\":2,\"name\":\"Alle Produkte\",\"item\":\"https:\/\/www.weingut-bottler.de\/shop\/alleprodukte\/\"},{\"@type\":\"ListItem\",\"position\":3,\"name\":\"6er Genusspaket\"}]},{\"@type\":\"WebSite\",\"@id\":\"https:\/\/www.weingut-bottler.de\/shop\/#website\",\"url\":\"https:\/\/www.weingut-bottler.de\/shop\/\",\"name\":\"Weingut &amp; G\u00e4stehaus Bottler in M\u00fclheim\",\"description\":\"...hier geht\u00b4s mir gut\",\"potentialAction\":[{\"@type\":\"SearchAction\",\"target\":{\"@type\":\"EntryPoint\",\"urlTemplate\":\"https:\/\/www.weingut-bottler.de\/shop\/?s={search_term_string}\"},\"query-input\":{\"@type\":\"PropertyValueSpecification\",\"valueRequired\":true,\"valueName\":\"search_term_string\"}}],\"inLanguage\":\"de\"}]}<\/script>\n<!-- \/ Yoast SEO plugin. -->","yoast_head_json":{"title":"6er Genusspaket - Weingut &amp; G\u00e4stehaus Bottler in M\u00fclheim","robots":{"index":"index","follow":"follow","max-snippet":"max-snippet:-1","max-image-preview":"max-image-preview:large","max-video-preview":"max-video-preview:-1"},"canonical":"https:\/\/www.weingut-bottler.de\/shop\/produkt\/6er-genusspaket\/","og_locale":"de_DE","og_type":"article","og_title":"6er Genusspaket - Weingut &amp; G\u00e4stehaus Bottler in M\u00fclheim","og_description":"Dieses Genusspaket enth\u00e4lt folgende 6 Produkte:  2021er Blauschiefer Riesling Kabinett trocken 2021er BLANC DE NOIR Sp\u00e4tburgunder trocken 2021er HELD Riesling Kabinett feinherb 2020er JOHANNESBERG Riesling Sp\u00e4tlese 2020er Guts-Riesling trocken 2021er VOM FELS Riesling Sp\u00e4tlese trocken M\u00fclheimer Sonnenlay  Die genauen Beschreibungen findest Du bei den einzelnen Weinen.  Kostenloser Versand","og_url":"https:\/\/www.weingut-bottler.de\/shop\/produkt\/6er-genusspaket\/","og_site_name":"Weingut &amp; G\u00e4stehaus Bottler in M\u00fclheim","article_modified_time":"2026-01-15T05:56:05+00:00","og_image":[{"width":827,"height":1024,"url":"https:\/\/www.weingut-bottler.de\/shop\/wp-content\/uploads\/2021\/05\/weingut_bottler_genusspaket_6er.jpg","type":"image\/jpeg"}],"twitter_card":"summary_large_image","twitter_misc":{"Gesch\u00e4tzte Lesezeit":"1\u00a0Minute"},"schema":{"@context":"https:\/\/schema.org","@graph":[{"@type":"WebPage","@id":"https:\/\/www.weingut-bottler.de\/shop\/produkt\/6er-genusspaket\/","url":"https:\/\/www.weingut-bottler.de\/shop\/produkt\/6er-genusspaket\/","name":"6er Genusspaket - Weingut &amp; G\u00e4stehaus Bottler in M\u00fclheim","isPartOf":{"@id":"https:\/\/www.weingut-bottler.de\/shop\/#website"},"primaryImageOfPage":{"@id":"https:\/\/www.weingut-bottler.de\/shop\/produkt\/6er-genusspaket\/#primaryimage"},"image":{"@id":"https:\/\/www.weingut-bottler.de\/shop\/produkt\/6er-genusspaket\/#primaryimage"},"thumbnailUrl":"https:\/\/www.weingut-bottler.de\/shop\/wp-content\/uploads\/2021\/05\/weingut_bottler_genusspaket_6er.jpg","datePublished":"2021-05-14T16:05:25+00:00","dateModified":"2026-01-15T05:56:05+00:00","breadcrumb":{"@id":"https:\/\/www.weingut-bottler.de\/shop\/produkt\/6er-genusspaket\/#breadcrumb"},"inLanguage":"de","potentialAction":[{"@type":"ReadAction","target":["https:\/\/www.weingut-bottler.de\/shop\/produkt\/6er-genusspaket\/"]}]},{"@type":"ImageObject","inLanguage":"de","@id":"https:\/\/www.weingut-bottler.de\/shop\/produkt\/6er-genusspaket\/#primaryimage","url":"https:\/\/www.weingut-bottler.de\/shop\/wp-content\/uploads\/2021\/05\/weingut_bottler_genusspaket_6er.jpg","contentUrl":"https:\/\/www.weingut-bottler.de\/shop\/wp-content\/uploads\/2021\/05\/weingut_bottler_genusspaket_6er.jpg","width":827,"height":1024},{"@type":"BreadcrumbList","@id":"https:\/\/www.weingut-bottler.de\/shop\/produkt\/6er-genusspaket\/#breadcrumb","itemListElement":[{"@type":"ListItem","position":1,"name":"Startseite","item":"https:\/\/www.weingut-bottler.de\/shop\/"},{"@type":"ListItem","position":2,"name":"Alle Produkte","item":"https:\/\/www.weingut-bottler.de\/shop\/alleprodukte\/"},{"@type":"ListItem","position":3,"name":"6er Genusspaket"}]},{"@type":"WebSite","@id":"https:\/\/www.weingut-bottler.de\/shop\/#website","url":"https:\/\/www.weingut-bottler.de\/shop\/","name":"Weingut &amp; G\u00e4stehaus Bottler in M\u00fclheim","description":"...hier geht\u00b4s mir gut","potentialAction":[{"@type":"SearchAction","target":{"@type":"EntryPoint","urlTemplate":"https:\/\/www.weingut-bottler.de\/shop\/?s={search_term_string}"},"query-input":{"@type":"PropertyValueSpecification","valueRequired":true,"valueName":"search_term_string"}}],"inLanguage":"de"}]}},"_links":{"self":[{"href":"https:\/\/www.weingut-bottler.de\/shop\/wp-json\/wp\/v2\/product\/4784","targetHints":{"allow":["GET"]}}],"collection":[{"href":"https:\/\/www.weingut-bottler.de\/shop\/wp-json\/wp\/v2\/product"}],"about":[{"href":"https:\/\/www.weingut-bottler.de\/shop\/wp-json\/wp\/v2\/types\/product"}],"replies":[{"embeddable":true,"href":"https:\/\/www.weingut-bottler.de\/shop\/wp-json\/wp\/v2\/comments?post=4784"}],"wp:featuredmedia":[{"embeddable":true,"href":"https:\/\/www.weingut-bottler.de\/shop\/wp-json\/wp\/v2\/media\/4785"}],"wp:attachment":[{"href":"https:\/\/www.weingut-bottler.de\/shop\/wp-json\/wp\/v2\/media?parent=4784"}],"wp:term":[{"taxonomy":"product_brand","embeddable":true,"href":"https:\/\/www.weingut-bottler.de\/shop\/wp-json\/wp\/v2\/product_brand?post=4784"},{"taxonomy":"product_cat","embeddable":true,"href":"https:\/\/www.weingut-bottler.de\/shop\/wp-json\/wp\/v2\/product_cat?post=4784"},{"taxonomy":"product_tag","embeddable":true,"href":"https:\/\/www.weingut-bottler.de\/shop\/wp-json\/wp\/v2\/product_tag?post=4784"}],"curies":[{"name":"wp","href":"https:\/\/api.w.org\/{rel}","templated":true}]}}