{"id":6111,"date":"2024-05-14T13:26:27","date_gmt":"2024-05-14T11:26:27","guid":{"rendered":"https:\/\/www.weingut-bottler.de\/shop\/?post_type=product&#038;p=6111"},"modified":"2026-03-10T16:59:23","modified_gmt":"2026-03-10T15:59:23","slug":"2023er-guts-riesling-feinherb","status":"publish","type":"product","link":"https:\/\/www.weingut-bottler.de\/shop\/produkt\/2023er-guts-riesling-feinherb\/","title":{"rendered":"2024er Guts-Riesling feinherb"},"content":{"rendered":"","protected":false},"excerpt":{"rendered":"<p>Wei\u00dfwein<\/p>\n<p>Inhalt: 1 Liter Flasche<\/p>\n<p>Alc. 11 % Vol.<\/p>\n<p>Zutaten: Trauben, <strong>Sulfite, <\/strong>Saccharose, unter Schutzatmosph\u00e4re abgef\u00fcllt.<\/p>\n<h4 class=\"mtm h4-like\">N\u00e4hrwerte <small>(je 100 ml)<\/small><\/h4>\n<table class=\"product-table table -withoutborder\">\n<tbody>\n<tr>\n<td class=\"th-like\">Brennwert<\/td>\n<td class=\"txtright\">314 kJ \/ 75 kcal<\/td>\n<\/tr>\n<tr>\n<td class=\"th-like\">Kohlenhydrate<\/td>\n<td class=\"txtright\">3,3 g<\/td>\n<\/tr>\n<tr>\n<td class=\"th-like\"><span class=\"plm bl\">\u00a0 \u00a0Davon Zucker<\/span><\/td>\n<td class=\"txtright\">2,4 g<\/td>\n<\/tr>\n<tr>\n<td class=\"th-like\">Ballaststoffe<\/td>\n<td class=\"txtright\">0 g<\/td>\n<\/tr>\n<tr>\n<td colspan=\"2\">Enth\u00e4lt geringf\u00fcgige Mengen von Fett, ges\u00e4ttigten Fetts\u00e4uren, Eiwei\u00df und Salz.<\/td>\n<\/tr>\n<\/tbody>\n<\/table>\n","protected":false},"featured_media":4512,"comment_status":"closed","ping_status":"closed","template":"","meta":[],"product_brand":[],"product_cat":[121],"product_tag":[],"class_list":{"0":"post-6111","1":"product","2":"type-product","3":"status-publish","4":"has-post-thumbnail","6":"product_cat-gutsweine","8":"first","9":"instock","10":"taxable","11":"shipping-taxable","12":"purchasable","13":"product-type-simple"},"yoast_head":"<!-- This site is optimized with the Yoast SEO plugin v26.7 - https:\/\/yoast.com\/wordpress\/plugins\/seo\/ -->\n<title>2024er Guts-Riesling feinherb - Weingut &amp; G\u00e4stehaus Bottler in M\u00fclheim<\/title>\n<meta name=\"robots\" content=\"index, follow, max-snippet:-1, max-image-preview:large, max-video-preview:-1\" \/>\n<link rel=\"canonical\" href=\"https:\/\/www.weingut-bottler.de\/shop\/produkt\/2023er-guts-riesling-feinherb\/\" \/>\n<meta property=\"og:locale\" content=\"de_DE\" \/>\n<meta property=\"og:type\" content=\"article\" \/>\n<meta property=\"og:title\" content=\"2024er Guts-Riesling feinherb - Weingut &amp; G\u00e4stehaus Bottler in M\u00fclheim\" \/>\n<meta property=\"og:description\" content=\"Wei\u00dfwein  Inhalt: 1 Liter Flasche  Alc. 11 % Vol.  Zutaten: Trauben, Sulfite, Saccharose, unter Schutzatmosph\u00e4re abgef\u00fcllt. N\u00e4hrwerte (je 100 ml)    Brennwert 314 kJ \/ 75 kcal   Kohlenhydrate 3,3 g   \u00a0 \u00a0Davon Zucker 2,4 g   Ballaststoffe 0 g   Enth\u00e4lt geringf\u00fcgige Mengen von Fett, ges\u00e4ttigten Fetts\u00e4uren, Eiwei\u00df und Salz.\" \/>\n<meta property=\"og:url\" content=\"https:\/\/www.weingut-bottler.de\/shop\/produkt\/2023er-guts-riesling-feinherb\/\" \/>\n<meta property=\"og:site_name\" content=\"Weingut &amp; G\u00e4stehaus Bottler in M\u00fclheim\" \/>\n<meta property=\"article:modified_time\" content=\"2026-03-10T15:59:23+00:00\" \/>\n<meta property=\"og:image\" content=\"https:\/\/www.weingut-bottler.de\/shop\/wp-content\/uploads\/2020\/10\/weingut_bottler_guts_riesling_feinherb.jpg\" \/>\n\t<meta property=\"og:image:width\" content=\"827\" \/>\n\t<meta property=\"og:image:height\" content=\"1024\" \/>\n\t<meta property=\"og:image:type\" content=\"image\/jpeg\" \/>\n<meta name=\"twitter:card\" content=\"summary_large_image\" \/>\n<meta name=\"twitter:label1\" content=\"Gesch\u00e4tzte Lesezeit\" \/>\n\t<meta name=\"twitter:data1\" content=\"1\u00a0Minute\" \/>\n<script type=\"application\/ld+json\" class=\"yoast-schema-graph\">{\"@context\":\"https:\/\/schema.org\",\"@graph\":[{\"@type\":\"WebPage\",\"@id\":\"https:\/\/www.weingut-bottler.de\/shop\/produkt\/2023er-guts-riesling-feinherb\/\",\"url\":\"https:\/\/www.weingut-bottler.de\/shop\/produkt\/2023er-guts-riesling-feinherb\/\",\"name\":\"2024er Guts-Riesling feinherb - Weingut &amp; G\u00e4stehaus Bottler in M\u00fclheim\",\"isPartOf\":{\"@id\":\"https:\/\/www.weingut-bottler.de\/shop\/#website\"},\"primaryImageOfPage\":{\"@id\":\"https:\/\/www.weingut-bottler.de\/shop\/produkt\/2023er-guts-riesling-feinherb\/#primaryimage\"},\"image\":{\"@id\":\"https:\/\/www.weingut-bottler.de\/shop\/produkt\/2023er-guts-riesling-feinherb\/#primaryimage\"},\"thumbnailUrl\":\"https:\/\/www.weingut-bottler.de\/shop\/wp-content\/uploads\/2020\/10\/weingut_bottler_guts_riesling_feinherb.jpg\",\"datePublished\":\"2024-05-14T11:26:27+00:00\",\"dateModified\":\"2026-03-10T15:59:23+00:00\",\"breadcrumb\":{\"@id\":\"https:\/\/www.weingut-bottler.de\/shop\/produkt\/2023er-guts-riesling-feinherb\/#breadcrumb\"},\"inLanguage\":\"de\",\"potentialAction\":[{\"@type\":\"ReadAction\",\"target\":[\"https:\/\/www.weingut-bottler.de\/shop\/produkt\/2023er-guts-riesling-feinherb\/\"]}]},{\"@type\":\"ImageObject\",\"inLanguage\":\"de\",\"@id\":\"https:\/\/www.weingut-bottler.de\/shop\/produkt\/2023er-guts-riesling-feinherb\/#primaryimage\",\"url\":\"https:\/\/www.weingut-bottler.de\/shop\/wp-content\/uploads\/2020\/10\/weingut_bottler_guts_riesling_feinherb.jpg\",\"contentUrl\":\"https:\/\/www.weingut-bottler.de\/shop\/wp-content\/uploads\/2020\/10\/weingut_bottler_guts_riesling_feinherb.jpg\",\"width\":827,\"height\":1024},{\"@type\":\"BreadcrumbList\",\"@id\":\"https:\/\/www.weingut-bottler.de\/shop\/produkt\/2023er-guts-riesling-feinherb\/#breadcrumb\",\"itemListElement\":[{\"@type\":\"ListItem\",\"position\":1,\"name\":\"Startseite\",\"item\":\"https:\/\/www.weingut-bottler.de\/shop\/\"},{\"@type\":\"ListItem\",\"position\":2,\"name\":\"Alle Produkte\",\"item\":\"https:\/\/www.weingut-bottler.de\/shop\/alleprodukte\/\"},{\"@type\":\"ListItem\",\"position\":3,\"name\":\"2024er Guts-Riesling feinherb\"}]},{\"@type\":\"WebSite\",\"@id\":\"https:\/\/www.weingut-bottler.de\/shop\/#website\",\"url\":\"https:\/\/www.weingut-bottler.de\/shop\/\",\"name\":\"Weingut &amp; G\u00e4stehaus Bottler in M\u00fclheim\",\"description\":\"...hier geht\u00b4s mir gut\",\"potentialAction\":[{\"@type\":\"SearchAction\",\"target\":{\"@type\":\"EntryPoint\",\"urlTemplate\":\"https:\/\/www.weingut-bottler.de\/shop\/?s={search_term_string}\"},\"query-input\":{\"@type\":\"PropertyValueSpecification\",\"valueRequired\":true,\"valueName\":\"search_term_string\"}}],\"inLanguage\":\"de\"}]}<\/script>\n<!-- \/ Yoast SEO plugin. -->","yoast_head_json":{"title":"2024er Guts-Riesling feinherb - Weingut &amp; G\u00e4stehaus Bottler in M\u00fclheim","robots":{"index":"index","follow":"follow","max-snippet":"max-snippet:-1","max-image-preview":"max-image-preview:large","max-video-preview":"max-video-preview:-1"},"canonical":"https:\/\/www.weingut-bottler.de\/shop\/produkt\/2023er-guts-riesling-feinherb\/","og_locale":"de_DE","og_type":"article","og_title":"2024er Guts-Riesling feinherb - Weingut &amp; G\u00e4stehaus Bottler in M\u00fclheim","og_description":"Wei\u00dfwein  Inhalt: 1 Liter Flasche  Alc. 11 % Vol.  Zutaten: Trauben, Sulfite, Saccharose, unter Schutzatmosph\u00e4re abgef\u00fcllt. N\u00e4hrwerte (je 100 ml)    Brennwert 314 kJ \/ 75 kcal   Kohlenhydrate 3,3 g   \u00a0 \u00a0Davon Zucker 2,4 g   Ballaststoffe 0 g   Enth\u00e4lt geringf\u00fcgige Mengen von Fett, ges\u00e4ttigten Fetts\u00e4uren, Eiwei\u00df und Salz.","og_url":"https:\/\/www.weingut-bottler.de\/shop\/produkt\/2023er-guts-riesling-feinherb\/","og_site_name":"Weingut &amp; G\u00e4stehaus Bottler in M\u00fclheim","article_modified_time":"2026-03-10T15:59:23+00:00","og_image":[{"width":827,"height":1024,"url":"https:\/\/www.weingut-bottler.de\/shop\/wp-content\/uploads\/2020\/10\/weingut_bottler_guts_riesling_feinherb.jpg","type":"image\/jpeg"}],"twitter_card":"summary_large_image","twitter_misc":{"Gesch\u00e4tzte Lesezeit":"1\u00a0Minute"},"schema":{"@context":"https:\/\/schema.org","@graph":[{"@type":"WebPage","@id":"https:\/\/www.weingut-bottler.de\/shop\/produkt\/2023er-guts-riesling-feinherb\/","url":"https:\/\/www.weingut-bottler.de\/shop\/produkt\/2023er-guts-riesling-feinherb\/","name":"2024er Guts-Riesling feinherb - Weingut &amp; G\u00e4stehaus Bottler in M\u00fclheim","isPartOf":{"@id":"https:\/\/www.weingut-bottler.de\/shop\/#website"},"primaryImageOfPage":{"@id":"https:\/\/www.weingut-bottler.de\/shop\/produkt\/2023er-guts-riesling-feinherb\/#primaryimage"},"image":{"@id":"https:\/\/www.weingut-bottler.de\/shop\/produkt\/2023er-guts-riesling-feinherb\/#primaryimage"},"thumbnailUrl":"https:\/\/www.weingut-bottler.de\/shop\/wp-content\/uploads\/2020\/10\/weingut_bottler_guts_riesling_feinherb.jpg","datePublished":"2024-05-14T11:26:27+00:00","dateModified":"2026-03-10T15:59:23+00:00","breadcrumb":{"@id":"https:\/\/www.weingut-bottler.de\/shop\/produkt\/2023er-guts-riesling-feinherb\/#breadcrumb"},"inLanguage":"de","potentialAction":[{"@type":"ReadAction","target":["https:\/\/www.weingut-bottler.de\/shop\/produkt\/2023er-guts-riesling-feinherb\/"]}]},{"@type":"ImageObject","inLanguage":"de","@id":"https:\/\/www.weingut-bottler.de\/shop\/produkt\/2023er-guts-riesling-feinherb\/#primaryimage","url":"https:\/\/www.weingut-bottler.de\/shop\/wp-content\/uploads\/2020\/10\/weingut_bottler_guts_riesling_feinherb.jpg","contentUrl":"https:\/\/www.weingut-bottler.de\/shop\/wp-content\/uploads\/2020\/10\/weingut_bottler_guts_riesling_feinherb.jpg","width":827,"height":1024},{"@type":"BreadcrumbList","@id":"https:\/\/www.weingut-bottler.de\/shop\/produkt\/2023er-guts-riesling-feinherb\/#breadcrumb","itemListElement":[{"@type":"ListItem","position":1,"name":"Startseite","item":"https:\/\/www.weingut-bottler.de\/shop\/"},{"@type":"ListItem","position":2,"name":"Alle Produkte","item":"https:\/\/www.weingut-bottler.de\/shop\/alleprodukte\/"},{"@type":"ListItem","position":3,"name":"2024er Guts-Riesling feinherb"}]},{"@type":"WebSite","@id":"https:\/\/www.weingut-bottler.de\/shop\/#website","url":"https:\/\/www.weingut-bottler.de\/shop\/","name":"Weingut &amp; G\u00e4stehaus Bottler in M\u00fclheim","description":"...hier geht\u00b4s mir gut","potentialAction":[{"@type":"SearchAction","target":{"@type":"EntryPoint","urlTemplate":"https:\/\/www.weingut-bottler.de\/shop\/?s={search_term_string}"},"query-input":{"@type":"PropertyValueSpecification","valueRequired":true,"valueName":"search_term_string"}}],"inLanguage":"de"}]}},"_links":{"self":[{"href":"https:\/\/www.weingut-bottler.de\/shop\/wp-json\/wp\/v2\/product\/6111","targetHints":{"allow":["GET"]}}],"collection":[{"href":"https:\/\/www.weingut-bottler.de\/shop\/wp-json\/wp\/v2\/product"}],"about":[{"href":"https:\/\/www.weingut-bottler.de\/shop\/wp-json\/wp\/v2\/types\/product"}],"replies":[{"embeddable":true,"href":"https:\/\/www.weingut-bottler.de\/shop\/wp-json\/wp\/v2\/comments?post=6111"}],"wp:featuredmedia":[{"embeddable":true,"href":"https:\/\/www.weingut-bottler.de\/shop\/wp-json\/wp\/v2\/media\/4512"}],"wp:attachment":[{"href":"https:\/\/www.weingut-bottler.de\/shop\/wp-json\/wp\/v2\/media?parent=6111"}],"wp:term":[{"taxonomy":"product_brand","embeddable":true,"href":"https:\/\/www.weingut-bottler.de\/shop\/wp-json\/wp\/v2\/product_brand?post=6111"},{"taxonomy":"product_cat","embeddable":true,"href":"https:\/\/www.weingut-bottler.de\/shop\/wp-json\/wp\/v2\/product_cat?post=6111"},{"taxonomy":"product_tag","embeddable":true,"href":"https:\/\/www.weingut-bottler.de\/shop\/wp-json\/wp\/v2\/product_tag?post=6111"}],"curies":[{"name":"wp","href":"https:\/\/api.w.org\/{rel}","templated":true}]}}