{"id":6913,"date":"2026-03-10T16:09:39","date_gmt":"2026-03-10T15:09:39","guid":{"rendered":"https:\/\/www.weingut-bottler.de\/shop\/?post_type=product&#038;p=6913"},"modified":"2026-03-10T16:24:14","modified_gmt":"2026-03-10T15:24:14","slug":"2025er-blauschiefer-riesling-kabinett-trocken","status":"publish","type":"product","link":"https:\/\/www.weingut-bottler.de\/shop\/produkt\/2025er-blauschiefer-riesling-kabinett-trocken\/","title":{"rendered":"2025er BLAUSCHIEFER Riesling Kabinett trocken"},"content":{"rendered":"","protected":false},"excerpt":{"rendered":"<p>Wei\u00dfwein<\/p>\n<p>Inhalt: 0,75 Liter Flasche<\/p>\n<p>Alc. 11,5 % Vol.<\/p>\n<p>Zutaten: Trauben, <strong>Sulfite, <\/strong>unter Schutzatmosph\u00e4re abgef\u00fcllt.<\/p>\n<h4 class=\"mtm h4-like\">N\u00e4hrwerte <small>(je 100 ml)<\/small><\/h4>\n<table class=\"product-table table -withoutborder\">\n<tbody>\n<tr>\n<td class=\"th-like\">Brennwert<\/td>\n<td class=\"txtright\">301 kJ \/ 72 kcal<\/td>\n<\/tr>\n<tr>\n<td class=\"th-like\">Kohlenhydrate<\/td>\n<td class=\"txtright\">1,7 g<\/td>\n<\/tr>\n<tr>\n<td class=\"th-like\"><span class=\"plm bl\">\u00a0 \u00a0Davon Zucker<\/span><\/td>\n<td class=\"txtright\">0,8 g<\/td>\n<\/tr>\n<tr>\n<td class=\"th-like\">Ballaststoffe<\/td>\n<td class=\"txtright\">0 g<\/td>\n<\/tr>\n<tr>\n<td colspan=\"2\">Enth\u00e4lt geringf\u00fcgige Mengen von Fett, ges\u00e4ttigten Fetts\u00e4uren, Eiwei\u00df und Salz.<\/td>\n<\/tr>\n<\/tbody>\n<\/table>\n","protected":false},"featured_media":4387,"comment_status":"closed","ping_status":"closed","template":"","meta":[],"product_brand":[],"product_cat":[117],"product_tag":[],"class_list":{"0":"post-6913","1":"product","2":"type-product","3":"status-publish","4":"has-post-thumbnail","6":"product_cat-trockene-weine","8":"first","9":"instock","10":"taxable","11":"shipping-taxable","12":"purchasable","13":"product-type-simple"},"yoast_head":"<!-- This site is optimized with the Yoast SEO plugin v26.7 - https:\/\/yoast.com\/wordpress\/plugins\/seo\/ -->\n<title>2025er BLAUSCHIEFER Riesling Kabinett trocken - Weingut &amp; G\u00e4stehaus Bottler in M\u00fclheim<\/title>\n<meta name=\"robots\" content=\"index, follow, max-snippet:-1, max-image-preview:large, max-video-preview:-1\" \/>\n<link rel=\"canonical\" href=\"https:\/\/www.weingut-bottler.de\/shop\/produkt\/2025er-blauschiefer-riesling-kabinett-trocken\/\" \/>\n<meta property=\"og:locale\" content=\"de_DE\" \/>\n<meta property=\"og:type\" content=\"article\" \/>\n<meta property=\"og:title\" content=\"2025er BLAUSCHIEFER Riesling Kabinett trocken - Weingut &amp; G\u00e4stehaus Bottler in M\u00fclheim\" \/>\n<meta property=\"og:description\" content=\"Wei\u00dfwein  Inhalt: 0,75 Liter Flasche  Alc. 11,5 % Vol.  Zutaten: Trauben, Sulfite, unter Schutzatmosph\u00e4re abgef\u00fcllt. N\u00e4hrwerte (je 100 ml)    Brennwert 301 kJ \/ 72 kcal   Kohlenhydrate 1,7 g   \u00a0 \u00a0Davon Zucker 0,8 g   Ballaststoffe 0 g   Enth\u00e4lt geringf\u00fcgige Mengen von Fett, ges\u00e4ttigten Fetts\u00e4uren, Eiwei\u00df und Salz.\" \/>\n<meta property=\"og:url\" content=\"https:\/\/www.weingut-bottler.de\/shop\/produkt\/2025er-blauschiefer-riesling-kabinett-trocken\/\" \/>\n<meta property=\"og:site_name\" content=\"Weingut &amp; G\u00e4stehaus Bottler in M\u00fclheim\" \/>\n<meta property=\"article:modified_time\" content=\"2026-03-10T15:24:14+00:00\" \/>\n<meta property=\"og:image\" content=\"https:\/\/www.weingut-bottler.de\/shop\/wp-content\/uploads\/2020\/10\/weingut_bottler_blauschiefer_riesling_kabinett_trocken.jpg\" \/>\n\t<meta property=\"og:image:width\" content=\"827\" \/>\n\t<meta property=\"og:image:height\" content=\"1024\" \/>\n\t<meta property=\"og:image:type\" content=\"image\/jpeg\" \/>\n<meta name=\"twitter:card\" content=\"summary_large_image\" \/>\n<meta name=\"twitter:label1\" content=\"Gesch\u00e4tzte Lesezeit\" \/>\n\t<meta name=\"twitter:data1\" content=\"1\u00a0Minute\" \/>\n<script type=\"application\/ld+json\" class=\"yoast-schema-graph\">{\"@context\":\"https:\/\/schema.org\",\"@graph\":[{\"@type\":\"WebPage\",\"@id\":\"https:\/\/www.weingut-bottler.de\/shop\/produkt\/2025er-blauschiefer-riesling-kabinett-trocken\/\",\"url\":\"https:\/\/www.weingut-bottler.de\/shop\/produkt\/2025er-blauschiefer-riesling-kabinett-trocken\/\",\"name\":\"2025er BLAUSCHIEFER Riesling Kabinett trocken - Weingut &amp; G\u00e4stehaus Bottler in M\u00fclheim\",\"isPartOf\":{\"@id\":\"https:\/\/www.weingut-bottler.de\/shop\/#website\"},\"primaryImageOfPage\":{\"@id\":\"https:\/\/www.weingut-bottler.de\/shop\/produkt\/2025er-blauschiefer-riesling-kabinett-trocken\/#primaryimage\"},\"image\":{\"@id\":\"https:\/\/www.weingut-bottler.de\/shop\/produkt\/2025er-blauschiefer-riesling-kabinett-trocken\/#primaryimage\"},\"thumbnailUrl\":\"https:\/\/www.weingut-bottler.de\/shop\/wp-content\/uploads\/2020\/10\/weingut_bottler_blauschiefer_riesling_kabinett_trocken.jpg\",\"datePublished\":\"2026-03-10T15:09:39+00:00\",\"dateModified\":\"2026-03-10T15:24:14+00:00\",\"breadcrumb\":{\"@id\":\"https:\/\/www.weingut-bottler.de\/shop\/produkt\/2025er-blauschiefer-riesling-kabinett-trocken\/#breadcrumb\"},\"inLanguage\":\"de\",\"potentialAction\":[{\"@type\":\"ReadAction\",\"target\":[\"https:\/\/www.weingut-bottler.de\/shop\/produkt\/2025er-blauschiefer-riesling-kabinett-trocken\/\"]}]},{\"@type\":\"ImageObject\",\"inLanguage\":\"de\",\"@id\":\"https:\/\/www.weingut-bottler.de\/shop\/produkt\/2025er-blauschiefer-riesling-kabinett-trocken\/#primaryimage\",\"url\":\"https:\/\/www.weingut-bottler.de\/shop\/wp-content\/uploads\/2020\/10\/weingut_bottler_blauschiefer_riesling_kabinett_trocken.jpg\",\"contentUrl\":\"https:\/\/www.weingut-bottler.de\/shop\/wp-content\/uploads\/2020\/10\/weingut_bottler_blauschiefer_riesling_kabinett_trocken.jpg\",\"width\":827,\"height\":1024},{\"@type\":\"BreadcrumbList\",\"@id\":\"https:\/\/www.weingut-bottler.de\/shop\/produkt\/2025er-blauschiefer-riesling-kabinett-trocken\/#breadcrumb\",\"itemListElement\":[{\"@type\":\"ListItem\",\"position\":1,\"name\":\"Startseite\",\"item\":\"https:\/\/www.weingut-bottler.de\/shop\/\"},{\"@type\":\"ListItem\",\"position\":2,\"name\":\"Alle Produkte\",\"item\":\"https:\/\/www.weingut-bottler.de\/shop\/alleprodukte\/\"},{\"@type\":\"ListItem\",\"position\":3,\"name\":\"2025er BLAUSCHIEFER Riesling Kabinett trocken\"}]},{\"@type\":\"WebSite\",\"@id\":\"https:\/\/www.weingut-bottler.de\/shop\/#website\",\"url\":\"https:\/\/www.weingut-bottler.de\/shop\/\",\"name\":\"Weingut &amp; G\u00e4stehaus Bottler in M\u00fclheim\",\"description\":\"...hier geht\u00b4s mir gut\",\"potentialAction\":[{\"@type\":\"SearchAction\",\"target\":{\"@type\":\"EntryPoint\",\"urlTemplate\":\"https:\/\/www.weingut-bottler.de\/shop\/?s={search_term_string}\"},\"query-input\":{\"@type\":\"PropertyValueSpecification\",\"valueRequired\":true,\"valueName\":\"search_term_string\"}}],\"inLanguage\":\"de\"}]}<\/script>\n<!-- \/ Yoast SEO plugin. -->","yoast_head_json":{"title":"2025er BLAUSCHIEFER Riesling Kabinett trocken - Weingut &amp; G\u00e4stehaus Bottler in M\u00fclheim","robots":{"index":"index","follow":"follow","max-snippet":"max-snippet:-1","max-image-preview":"max-image-preview:large","max-video-preview":"max-video-preview:-1"},"canonical":"https:\/\/www.weingut-bottler.de\/shop\/produkt\/2025er-blauschiefer-riesling-kabinett-trocken\/","og_locale":"de_DE","og_type":"article","og_title":"2025er BLAUSCHIEFER Riesling Kabinett trocken - Weingut &amp; G\u00e4stehaus Bottler in M\u00fclheim","og_description":"Wei\u00dfwein  Inhalt: 0,75 Liter Flasche  Alc. 11,5 % Vol.  Zutaten: Trauben, Sulfite, unter Schutzatmosph\u00e4re abgef\u00fcllt. N\u00e4hrwerte (je 100 ml)    Brennwert 301 kJ \/ 72 kcal   Kohlenhydrate 1,7 g   \u00a0 \u00a0Davon Zucker 0,8 g   Ballaststoffe 0 g   Enth\u00e4lt geringf\u00fcgige Mengen von Fett, ges\u00e4ttigten Fetts\u00e4uren, Eiwei\u00df und Salz.","og_url":"https:\/\/www.weingut-bottler.de\/shop\/produkt\/2025er-blauschiefer-riesling-kabinett-trocken\/","og_site_name":"Weingut &amp; G\u00e4stehaus Bottler in M\u00fclheim","article_modified_time":"2026-03-10T15:24:14+00:00","og_image":[{"width":827,"height":1024,"url":"https:\/\/www.weingut-bottler.de\/shop\/wp-content\/uploads\/2020\/10\/weingut_bottler_blauschiefer_riesling_kabinett_trocken.jpg","type":"image\/jpeg"}],"twitter_card":"summary_large_image","twitter_misc":{"Gesch\u00e4tzte Lesezeit":"1\u00a0Minute"},"schema":{"@context":"https:\/\/schema.org","@graph":[{"@type":"WebPage","@id":"https:\/\/www.weingut-bottler.de\/shop\/produkt\/2025er-blauschiefer-riesling-kabinett-trocken\/","url":"https:\/\/www.weingut-bottler.de\/shop\/produkt\/2025er-blauschiefer-riesling-kabinett-trocken\/","name":"2025er BLAUSCHIEFER Riesling Kabinett trocken - Weingut &amp; G\u00e4stehaus Bottler in M\u00fclheim","isPartOf":{"@id":"https:\/\/www.weingut-bottler.de\/shop\/#website"},"primaryImageOfPage":{"@id":"https:\/\/www.weingut-bottler.de\/shop\/produkt\/2025er-blauschiefer-riesling-kabinett-trocken\/#primaryimage"},"image":{"@id":"https:\/\/www.weingut-bottler.de\/shop\/produkt\/2025er-blauschiefer-riesling-kabinett-trocken\/#primaryimage"},"thumbnailUrl":"https:\/\/www.weingut-bottler.de\/shop\/wp-content\/uploads\/2020\/10\/weingut_bottler_blauschiefer_riesling_kabinett_trocken.jpg","datePublished":"2026-03-10T15:09:39+00:00","dateModified":"2026-03-10T15:24:14+00:00","breadcrumb":{"@id":"https:\/\/www.weingut-bottler.de\/shop\/produkt\/2025er-blauschiefer-riesling-kabinett-trocken\/#breadcrumb"},"inLanguage":"de","potentialAction":[{"@type":"ReadAction","target":["https:\/\/www.weingut-bottler.de\/shop\/produkt\/2025er-blauschiefer-riesling-kabinett-trocken\/"]}]},{"@type":"ImageObject","inLanguage":"de","@id":"https:\/\/www.weingut-bottler.de\/shop\/produkt\/2025er-blauschiefer-riesling-kabinett-trocken\/#primaryimage","url":"https:\/\/www.weingut-bottler.de\/shop\/wp-content\/uploads\/2020\/10\/weingut_bottler_blauschiefer_riesling_kabinett_trocken.jpg","contentUrl":"https:\/\/www.weingut-bottler.de\/shop\/wp-content\/uploads\/2020\/10\/weingut_bottler_blauschiefer_riesling_kabinett_trocken.jpg","width":827,"height":1024},{"@type":"BreadcrumbList","@id":"https:\/\/www.weingut-bottler.de\/shop\/produkt\/2025er-blauschiefer-riesling-kabinett-trocken\/#breadcrumb","itemListElement":[{"@type":"ListItem","position":1,"name":"Startseite","item":"https:\/\/www.weingut-bottler.de\/shop\/"},{"@type":"ListItem","position":2,"name":"Alle Produkte","item":"https:\/\/www.weingut-bottler.de\/shop\/alleprodukte\/"},{"@type":"ListItem","position":3,"name":"2025er BLAUSCHIEFER Riesling Kabinett trocken"}]},{"@type":"WebSite","@id":"https:\/\/www.weingut-bottler.de\/shop\/#website","url":"https:\/\/www.weingut-bottler.de\/shop\/","name":"Weingut &amp; G\u00e4stehaus Bottler in M\u00fclheim","description":"...hier geht\u00b4s mir gut","potentialAction":[{"@type":"SearchAction","target":{"@type":"EntryPoint","urlTemplate":"https:\/\/www.weingut-bottler.de\/shop\/?s={search_term_string}"},"query-input":{"@type":"PropertyValueSpecification","valueRequired":true,"valueName":"search_term_string"}}],"inLanguage":"de"}]}},"_links":{"self":[{"href":"https:\/\/www.weingut-bottler.de\/shop\/wp-json\/wp\/v2\/product\/6913","targetHints":{"allow":["GET"]}}],"collection":[{"href":"https:\/\/www.weingut-bottler.de\/shop\/wp-json\/wp\/v2\/product"}],"about":[{"href":"https:\/\/www.weingut-bottler.de\/shop\/wp-json\/wp\/v2\/types\/product"}],"replies":[{"embeddable":true,"href":"https:\/\/www.weingut-bottler.de\/shop\/wp-json\/wp\/v2\/comments?post=6913"}],"wp:featuredmedia":[{"embeddable":true,"href":"https:\/\/www.weingut-bottler.de\/shop\/wp-json\/wp\/v2\/media\/4387"}],"wp:attachment":[{"href":"https:\/\/www.weingut-bottler.de\/shop\/wp-json\/wp\/v2\/media?parent=6913"}],"wp:term":[{"taxonomy":"product_brand","embeddable":true,"href":"https:\/\/www.weingut-bottler.de\/shop\/wp-json\/wp\/v2\/product_brand?post=6913"},{"taxonomy":"product_cat","embeddable":true,"href":"https:\/\/www.weingut-bottler.de\/shop\/wp-json\/wp\/v2\/product_cat?post=6913"},{"taxonomy":"product_tag","embeddable":true,"href":"https:\/\/www.weingut-bottler.de\/shop\/wp-json\/wp\/v2\/product_tag?post=6913"}],"curies":[{"name":"wp","href":"https:\/\/api.w.org\/{rel}","templated":true}]}}