{"id":6988,"date":"2026-05-05T14:37:19","date_gmt":"2026-05-05T12:37:19","guid":{"rendered":"https:\/\/www.weingut-bottler.de\/shop\/?post_type=product&#038;p=6988"},"modified":"2026-05-05T14:45:19","modified_gmt":"2026-05-05T12:45:19","slug":"zero-riesling","status":"publish","type":"product","link":"https:\/\/www.weingut-bottler.de\/shop\/produkt\/zero-riesling\/","title":{"rendered":"ZERO Riesling"},"content":{"rendered":"","protected":false},"excerpt":{"rendered":"<p>Dt. entalkoholisierter Wein<\/p>\n<p>Inhalt: 0,75 Liter Flasche<\/p>\n<p>Alc. &lt;0,5 % Vol.<\/p>\n<p>Zutaten: Trauben, <strong>Sulfite<\/strong>, unter Schutzatmosph\u00e4re abgef\u00fcllt.<\/p>\n<h4 class=\"mtm h4-like\">N\u00e4hrwerte <small>(je 100 ml)<\/small><\/h4>\n<table class=\"product-table table -withoutborder\">\n<tbody>\n<tr>\n<td class=\"th-like\">Brennwert<\/td>\n<td class=\"txtright\">105 kJ \/ 25 kcal<\/td>\n<\/tr>\n<tr>\n<td class=\"th-like\">Kohlenhydrate<\/td>\n<td class=\"txtright\">5,4 g<\/td>\n<\/tr>\n<tr>\n<td class=\"th-like\"><span class=\"plm bl\">\u00a0 \u00a0Davon Zucker<\/span><\/td>\n<td class=\"txtright\">5,3 g<\/td>\n<\/tr>\n<tr>\n<td class=\"th-like\">Ballaststoffe<\/td>\n<td class=\"txtright\">0 g<\/td>\n<\/tr>\n<tr>\n<td colspan=\"2\">Enth\u00e4lt geringf\u00fcgige Mengen von Fett, ges\u00e4ttigten Fetts\u00e4uren, Eiwei\u00df und Salz.<\/td>\n<\/tr>\n<\/tbody>\n<\/table>\n","protected":false},"featured_media":0,"comment_status":"closed","ping_status":"closed","template":"","meta":[],"product_brand":[],"product_cat":[127],"product_tag":[],"class_list":{"0":"post-6988","1":"product","2":"type-product","3":"status-publish","5":"product_cat-fuer-klein-und-gross","7":"first","8":"instock","9":"taxable","10":"shipping-taxable","11":"purchasable","12":"product-type-simple"},"yoast_head":"<!-- This site is optimized with the Yoast SEO plugin v26.7 - https:\/\/yoast.com\/wordpress\/plugins\/seo\/ -->\n<title>ZERO Riesling - Weingut &amp; G\u00e4stehaus Bottler in M\u00fclheim<\/title>\n<meta name=\"robots\" content=\"index, follow, max-snippet:-1, max-image-preview:large, max-video-preview:-1\" \/>\n<link rel=\"canonical\" href=\"https:\/\/www.weingut-bottler.de\/shop\/produkt\/zero-riesling\/\" \/>\n<meta property=\"og:locale\" content=\"de_DE\" \/>\n<meta property=\"og:type\" content=\"article\" \/>\n<meta property=\"og:title\" content=\"ZERO Riesling - Weingut &amp; G\u00e4stehaus Bottler in M\u00fclheim\" \/>\n<meta property=\"og:description\" content=\"Dt. entalkoholisierter Wein  Inhalt: 0,75 Liter Flasche  Alc. &lt;0,5 % Vol.  Zutaten: Trauben, Sulfite, unter Schutzatmosph\u00e4re abgef\u00fcllt. N\u00e4hrwerte (je 100 ml)    Brennwert 105 kJ \/ 25 kcal   Kohlenhydrate 5,4 g   \u00a0 \u00a0Davon Zucker 5,3 g   Ballaststoffe 0 g   Enth\u00e4lt geringf\u00fcgige Mengen von Fett, ges\u00e4ttigten Fetts\u00e4uren, Eiwei\u00df und Salz.\" \/>\n<meta property=\"og:url\" content=\"https:\/\/www.weingut-bottler.de\/shop\/produkt\/zero-riesling\/\" \/>\n<meta property=\"og:site_name\" content=\"Weingut &amp; G\u00e4stehaus Bottler in M\u00fclheim\" \/>\n<meta property=\"article:modified_time\" content=\"2026-05-05T12:45:19+00:00\" \/>\n<meta name=\"twitter:card\" content=\"summary_large_image\" \/>\n<script type=\"application\/ld+json\" class=\"yoast-schema-graph\">{\"@context\":\"https:\/\/schema.org\",\"@graph\":[{\"@type\":\"WebPage\",\"@id\":\"https:\/\/www.weingut-bottler.de\/shop\/produkt\/zero-riesling\/\",\"url\":\"https:\/\/www.weingut-bottler.de\/shop\/produkt\/zero-riesling\/\",\"name\":\"ZERO Riesling - Weingut &amp; G\u00e4stehaus Bottler in M\u00fclheim\",\"isPartOf\":{\"@id\":\"https:\/\/www.weingut-bottler.de\/shop\/#website\"},\"datePublished\":\"2026-05-05T12:37:19+00:00\",\"dateModified\":\"2026-05-05T12:45:19+00:00\",\"breadcrumb\":{\"@id\":\"https:\/\/www.weingut-bottler.de\/shop\/produkt\/zero-riesling\/#breadcrumb\"},\"inLanguage\":\"de\",\"potentialAction\":[{\"@type\":\"ReadAction\",\"target\":[\"https:\/\/www.weingut-bottler.de\/shop\/produkt\/zero-riesling\/\"]}]},{\"@type\":\"BreadcrumbList\",\"@id\":\"https:\/\/www.weingut-bottler.de\/shop\/produkt\/zero-riesling\/#breadcrumb\",\"itemListElement\":[{\"@type\":\"ListItem\",\"position\":1,\"name\":\"Startseite\",\"item\":\"https:\/\/www.weingut-bottler.de\/shop\/\"},{\"@type\":\"ListItem\",\"position\":2,\"name\":\"Alle Produkte\",\"item\":\"https:\/\/www.weingut-bottler.de\/shop\/alleprodukte\/\"},{\"@type\":\"ListItem\",\"position\":3,\"name\":\"ZERO Riesling\"}]},{\"@type\":\"WebSite\",\"@id\":\"https:\/\/www.weingut-bottler.de\/shop\/#website\",\"url\":\"https:\/\/www.weingut-bottler.de\/shop\/\",\"name\":\"Weingut &amp; G\u00e4stehaus Bottler in M\u00fclheim\",\"description\":\"...hier geht\u00b4s mir gut\",\"potentialAction\":[{\"@type\":\"SearchAction\",\"target\":{\"@type\":\"EntryPoint\",\"urlTemplate\":\"https:\/\/www.weingut-bottler.de\/shop\/?s={search_term_string}\"},\"query-input\":{\"@type\":\"PropertyValueSpecification\",\"valueRequired\":true,\"valueName\":\"search_term_string\"}}],\"inLanguage\":\"de\"}]}<\/script>\n<!-- \/ Yoast SEO plugin. -->","yoast_head_json":{"title":"ZERO Riesling - Weingut &amp; G\u00e4stehaus Bottler in M\u00fclheim","robots":{"index":"index","follow":"follow","max-snippet":"max-snippet:-1","max-image-preview":"max-image-preview:large","max-video-preview":"max-video-preview:-1"},"canonical":"https:\/\/www.weingut-bottler.de\/shop\/produkt\/zero-riesling\/","og_locale":"de_DE","og_type":"article","og_title":"ZERO Riesling - Weingut &amp; G\u00e4stehaus Bottler in M\u00fclheim","og_description":"Dt. entalkoholisierter Wein  Inhalt: 0,75 Liter Flasche  Alc. &lt;0,5 % Vol.  Zutaten: Trauben, Sulfite, unter Schutzatmosph\u00e4re abgef\u00fcllt. N\u00e4hrwerte (je 100 ml)    Brennwert 105 kJ \/ 25 kcal   Kohlenhydrate 5,4 g   \u00a0 \u00a0Davon Zucker 5,3 g   Ballaststoffe 0 g   Enth\u00e4lt geringf\u00fcgige Mengen von Fett, ges\u00e4ttigten Fetts\u00e4uren, Eiwei\u00df und Salz.","og_url":"https:\/\/www.weingut-bottler.de\/shop\/produkt\/zero-riesling\/","og_site_name":"Weingut &amp; G\u00e4stehaus Bottler in M\u00fclheim","article_modified_time":"2026-05-05T12:45:19+00:00","twitter_card":"summary_large_image","schema":{"@context":"https:\/\/schema.org","@graph":[{"@type":"WebPage","@id":"https:\/\/www.weingut-bottler.de\/shop\/produkt\/zero-riesling\/","url":"https:\/\/www.weingut-bottler.de\/shop\/produkt\/zero-riesling\/","name":"ZERO Riesling - Weingut &amp; G\u00e4stehaus Bottler in M\u00fclheim","isPartOf":{"@id":"https:\/\/www.weingut-bottler.de\/shop\/#website"},"datePublished":"2026-05-05T12:37:19+00:00","dateModified":"2026-05-05T12:45:19+00:00","breadcrumb":{"@id":"https:\/\/www.weingut-bottler.de\/shop\/produkt\/zero-riesling\/#breadcrumb"},"inLanguage":"de","potentialAction":[{"@type":"ReadAction","target":["https:\/\/www.weingut-bottler.de\/shop\/produkt\/zero-riesling\/"]}]},{"@type":"BreadcrumbList","@id":"https:\/\/www.weingut-bottler.de\/shop\/produkt\/zero-riesling\/#breadcrumb","itemListElement":[{"@type":"ListItem","position":1,"name":"Startseite","item":"https:\/\/www.weingut-bottler.de\/shop\/"},{"@type":"ListItem","position":2,"name":"Alle Produkte","item":"https:\/\/www.weingut-bottler.de\/shop\/alleprodukte\/"},{"@type":"ListItem","position":3,"name":"ZERO Riesling"}]},{"@type":"WebSite","@id":"https:\/\/www.weingut-bottler.de\/shop\/#website","url":"https:\/\/www.weingut-bottler.de\/shop\/","name":"Weingut &amp; G\u00e4stehaus Bottler in M\u00fclheim","description":"...hier geht\u00b4s mir gut","potentialAction":[{"@type":"SearchAction","target":{"@type":"EntryPoint","urlTemplate":"https:\/\/www.weingut-bottler.de\/shop\/?s={search_term_string}"},"query-input":{"@type":"PropertyValueSpecification","valueRequired":true,"valueName":"search_term_string"}}],"inLanguage":"de"}]}},"_links":{"self":[{"href":"https:\/\/www.weingut-bottler.de\/shop\/wp-json\/wp\/v2\/product\/6988","targetHints":{"allow":["GET"]}}],"collection":[{"href":"https:\/\/www.weingut-bottler.de\/shop\/wp-json\/wp\/v2\/product"}],"about":[{"href":"https:\/\/www.weingut-bottler.de\/shop\/wp-json\/wp\/v2\/types\/product"}],"replies":[{"embeddable":true,"href":"https:\/\/www.weingut-bottler.de\/shop\/wp-json\/wp\/v2\/comments?post=6988"}],"wp:attachment":[{"href":"https:\/\/www.weingut-bottler.de\/shop\/wp-json\/wp\/v2\/media?parent=6988"}],"wp:term":[{"taxonomy":"product_brand","embeddable":true,"href":"https:\/\/www.weingut-bottler.de\/shop\/wp-json\/wp\/v2\/product_brand?post=6988"},{"taxonomy":"product_cat","embeddable":true,"href":"https:\/\/www.weingut-bottler.de\/shop\/wp-json\/wp\/v2\/product_cat?post=6988"},{"taxonomy":"product_tag","embeddable":true,"href":"https:\/\/www.weingut-bottler.de\/shop\/wp-json\/wp\/v2\/product_tag?post=6988"}],"curies":[{"name":"wp","href":"https:\/\/api.w.org\/{rel}","templated":true}]}}